{"id":9,"date":"2018-09-30T15:15:21","date_gmt":"2018-09-30T13:15:21","guid":{"rendered":"https:\/\/staffanuvabeck.se\/?page_id=9"},"modified":"2018-10-01T11:08:31","modified_gmt":"2018-10-01T09:08:31","slug":"advokat-staffan-uvabeck","status":"publish","type":"page","link":"https:\/\/staffanuvabeck.se\/","title":{"rendered":"Advokat Staffan Uvabeck"},"content":{"rendered":"<div id='full_slider_1'  class='avia-fullwidth-slider main_color avia-shadow   avia-builder-el-0  el_before_av_one_full  avia-builder-el-first   container_wrap sidebar_right'  ><div  class='avia-slideshow av-av_slideshow_full-a0c9b8aa7f6ad36f32419e56b13a9d27 avia-slideshow-featured av_slideshow_full avia-fade-slider av-slideshow-ui av-control-default av-slideshow-manual av-loop-once av-loop-manual-endless av-default-height-applied   avia-slideshow-1' data-slideshow-options=\"{&quot;animation&quot;:&quot;fade&quot;,&quot;autoplay&quot;:false,&quot;loop_autoplay&quot;:&quot;once&quot;,&quot;interval&quot;:5,&quot;loop_manual&quot;:&quot;manual-endless&quot;,&quot;autoplay_stopper&quot;:false,&quot;noNavigation&quot;:false,&quot;bg_slider&quot;:false,&quot;keep_padding&quot;:false,&quot;hoverpause&quot;:false,&quot;show_slide_delay&quot;:0}\"  itemprop=\"image\" itemscope=\"itemscope\" itemtype=\"https:\/\/schema.org\/ImageObject\" ><ul class='avia-slideshow-inner ' style='padding-bottom: 28.666666666667%;'><li  class='avia-slideshow-slide av-av_slideshow_full-a0c9b8aa7f6ad36f32419e56b13a9d27__0  av-single-slide slide-1 slide-odd'><div data-rel='slideshow-1' class='avia-slide-wrap '   ><img class=\"wp-image-13 avia-img-lazy-loading-not-13\"  src='https:\/\/staffanuvabeck.se\/wp-content\/uploads\/2018\/09\/shutterstock_642994258-1500x430.jpg' width='1500' height='430' title='shutterstock_642994258' alt=''  itemprop=\"thumbnailUrl\"   \/><\/div><\/li><\/ul><\/div><\/div><div id='after_full_slider_1'  class='main_color av_default_container_wrap container_wrap sidebar_right'  ><div class='container av-section-cont-open' ><div class='template-page content  av-content-small alpha units'><div class='post-entry post-entry-type-page post-entry-9'><div class='entry-content-wrapper clearfix'>\n\n<style type=\"text\/css\" data-created_by=\"avia_inline_auto\" id=\"style-css-av-av_one_full-15d750bd1b332b34c6e70b077ebbccdf\">\n.flex_column.av-av_one_full-15d750bd1b332b34c6e70b077ebbccdf{\n-webkit-border-radius:0px 0px 0px 0px;\n-moz-border-radius:0px 0px 0px 0px;\nborder-radius:0px 0px 0px 0px;\npadding:0px 0px 0px 0px;\n}\n<\/style>\n<div class='flex_column av-av_one_full-15d750bd1b332b34c6e70b077ebbccdf av_one_full  avia-builder-el-1  el_after_av_slideshow_full  el_before_av_layout_row  avia-builder-el-no-sibling  first flex_column_div av-zero-column-padding '     ><section  class='av_textblock_section av-av_textblock-2de302bf1aa3cf4c9157dbe6f50ac7eb'  itemscope=\"itemscope\" itemtype=\"https:\/\/schema.org\/CreativeWork\" ><div class='avia_textblock'  itemprop=\"text\" ><h2 style=\"text-align: center;\">V\u00e4lkommen till Advokatfirman Staffan Uvabeck<\/h2>\n<p style=\"text-align: center;\">Advokatfirman Staffan Uvabeck startades 1984 och har de senaste drygt trettio \u00e5ren varit en av del\u00e4garna i Advokatcentrum HB med basen i Sk\u00f6vde.<br \/>\nFr\u00e5n och med den 1 oktober 2018 driver advokatfirman verksamheten vidare i egen regi med mottagningskontor i Grebbestad och i Sk\u00f6vde.<\/p>\n<h3 style=\"text-align: center;\">H\u00e4stjuridik, fastighetsm\u00e5l samt allm\u00e4n aff\u00e4rsjuridik.<\/h3>\n<p style=\"text-align: center;\">V\u00e5r huvudinriktning i verksamheten utg\u00f6res av brottm\u00e5l samt \u00e4renden avseende h\u00e4stjuridik, fastighetsm\u00e5l samt allm\u00e4n aff\u00e4rsjuridik.<\/p>\n<\/div><\/section><\/div>\n<\/div><\/div><\/div><!-- close content main div --><\/div><\/div><div id='av-layout-grid-1'  class='av-layout-grid-container av-av_layout_row-edf07c93594a85695fda65c20c2393d8 entry-content-wrapper main_color av-flex-cells  avia-builder-el-3  el_after_av_one_full  avia-builder-el-last  grid-row-not-first  container_wrap sidebar_right'  >\n\n<style type=\"text\/css\" data-created_by=\"avia_inline_auto\" id=\"style-css-av-av_cell_one_full-f57c70f9f5a63fd800eb5b955b847c2a\">\n.flex_cell.av-av_cell_one_full-f57c70f9f5a63fd800eb5b955b847c2a{\nvertical-align:top;\n}\n.responsive #top #wrap_all .flex_cell.av-av_cell_one_full-f57c70f9f5a63fd800eb5b955b847c2a{\npadding:30px 30px 30px 30px !important;\n}\n<\/style>\n<div class='flex_cell av-av_cell_one_full-f57c70f9f5a63fd800eb5b955b847c2a av-gridrow-cell av_one_full no_margin  avia-builder-el-4  avia-builder-el-no-sibling ' ><div class='flex_cell_inner'><section  class='av_textblock_section av-av_textblock-2de302bf1aa3cf4c9157dbe6f50ac7eb'  itemscope=\"itemscope\" itemtype=\"https:\/\/schema.org\/CreativeWork\" ><div class='avia_textblock'  itemprop=\"text\" ><h3 style=\"text-align: center;\">Hitta till v\u00e5rt kontor i Grebbestad<\/h3>\n<\/div><\/section><br \/>\n<section  class='av_textblock_section av-av_textblock-2de302bf1aa3cf4c9157dbe6f50ac7eb'  itemscope=\"itemscope\" itemtype=\"https:\/\/schema.org\/CreativeWork\" ><div class='avia_textblock'  itemprop=\"text\" ><p><iframe loading=\"lazy\" style=\"border: 0;\" src=\"https:\/\/www.google.com\/maps\/embed?pb=!1m18!1m12!1m3!1d2122665.24487855!2d9.013830969654624!3d58.69784188323092!2m3!1f0!2f0!3f0!3m2!1i1024!2i768!4f13.1!3m3!1m2!1s0x46444a17e816f6ad%3A0x80cc9d86cca7b39c!2sNedre+L%C3%A5nggatan+15%2C+457+72+Grebbestad!5e0!3m2!1ssv!2sse!4v1538314613699\" width=\"100%\" height=\"450\" frameborder=\"0\" allowfullscreen=\"allowfullscreen\"><\/iframe><\/p>\n<\/div><\/section><\/p>\n<\/div><\/div><\/div>\n","protected":false},"excerpt":{"rendered":"","protected":false},"author":1,"featured_media":0,"parent":0,"menu_order":0,"comment_status":"closed","ping_status":"closed","template":"","meta":{"footnotes":""},"yoast_head":"<!-- This site is optimized with the Yoast SEO plugin v21.1 - https:\/\/yoast.com\/wordpress\/plugins\/seo\/ -->\n<title>Advokat Staffan Uvabeck - Advokat Staffan Uvabeck<\/title>\n<meta name=\"robots\" content=\"index, follow, max-snippet:-1, max-image-preview:large, max-video-preview:-1\" \/>\n<link rel=\"canonical\" href=\"https:\/\/staffanuvabeck.se\/index.php\/advokat-staffan-uvabeck\/\" \/>\n<meta property=\"og:locale\" content=\"sv_SE\" \/>\n<meta property=\"og:type\" content=\"article\" \/>\n<meta property=\"og:title\" content=\"Advokat Staffan Uvabeck - Advokat Staffan Uvabeck\" \/>\n<meta property=\"og:url\" content=\"https:\/\/staffanuvabeck.se\/index.php\/advokat-staffan-uvabeck\/\" \/>\n<meta property=\"og:site_name\" content=\"Advokat Staffan Uvabeck\" \/>\n<meta property=\"article:modified_time\" content=\"2018-10-01T09:08:31+00:00\" \/>\n<meta name=\"twitter:card\" content=\"summary_large_image\" \/>\n<meta name=\"twitter:label1\" content=\"Ber\u00e4knad l\u00e4stid\" \/>\n\t<meta name=\"twitter:data1\" content=\"2 minuter\" \/>\n<script type=\"application\/ld+json\" class=\"yoast-schema-graph\">{\"@context\":\"https:\/\/schema.org\",\"@graph\":[{\"@type\":\"WebPage\",\"@id\":\"https:\/\/staffanuvabeck.se\/index.php\/advokat-staffan-uvabeck\/\",\"url\":\"https:\/\/staffanuvabeck.se\/index.php\/advokat-staffan-uvabeck\/\",\"name\":\"Advokat Staffan Uvabeck - Advokat Staffan Uvabeck\",\"isPartOf\":{\"@id\":\"https:\/\/staffanuvabeck.se\/#website\"},\"datePublished\":\"2018-09-30T13:15:21+00:00\",\"dateModified\":\"2018-10-01T09:08:31+00:00\",\"breadcrumb\":{\"@id\":\"https:\/\/staffanuvabeck.se\/index.php\/advokat-staffan-uvabeck\/#breadcrumb\"},\"inLanguage\":\"sv-SE\",\"potentialAction\":[{\"@type\":\"ReadAction\",\"target\":[\"https:\/\/staffanuvabeck.se\/index.php\/advokat-staffan-uvabeck\/\"]}]},{\"@type\":\"BreadcrumbList\",\"@id\":\"https:\/\/staffanuvabeck.se\/index.php\/advokat-staffan-uvabeck\/#breadcrumb\",\"itemListElement\":[{\"@type\":\"ListItem\",\"position\":1,\"name\":\"Hem\",\"item\":\"https:\/\/staffanuvabeck.se\/index.php\/advokat-staffan-uvabeck\/\"},{\"@type\":\"ListItem\",\"position\":2,\"name\":\"Advokat Staffan Uvabeck\"}]},{\"@type\":\"WebSite\",\"@id\":\"https:\/\/staffanuvabeck.se\/#website\",\"url\":\"https:\/\/staffanuvabeck.se\/\",\"name\":\"Advokat Staffan Uvabeck\",\"description\":\"H\u00e4stjuridik, fastighetsm\u00e5l samt allm\u00e4n aff\u00e4rsjuridik.\",\"potentialAction\":[{\"@type\":\"SearchAction\",\"target\":{\"@type\":\"EntryPoint\",\"urlTemplate\":\"https:\/\/staffanuvabeck.se\/?s={search_term_string}\"},\"query-input\":\"required name=search_term_string\"}],\"inLanguage\":\"sv-SE\"}]}<\/script>\n<!-- \/ Yoast SEO plugin. -->","yoast_head_json":{"title":"Advokat Staffan Uvabeck - Advokat Staffan Uvabeck","robots":{"index":"index","follow":"follow","max-snippet":"max-snippet:-1","max-image-preview":"max-image-preview:large","max-video-preview":"max-video-preview:-1"},"canonical":"https:\/\/staffanuvabeck.se\/index.php\/advokat-staffan-uvabeck\/","og_locale":"sv_SE","og_type":"article","og_title":"Advokat Staffan Uvabeck - Advokat Staffan Uvabeck","og_url":"https:\/\/staffanuvabeck.se\/index.php\/advokat-staffan-uvabeck\/","og_site_name":"Advokat Staffan Uvabeck","article_modified_time":"2018-10-01T09:08:31+00:00","twitter_card":"summary_large_image","twitter_misc":{"Ber\u00e4knad l\u00e4stid":"2 minuter"},"schema":{"@context":"https:\/\/schema.org","@graph":[{"@type":"WebPage","@id":"https:\/\/staffanuvabeck.se\/index.php\/advokat-staffan-uvabeck\/","url":"https:\/\/staffanuvabeck.se\/index.php\/advokat-staffan-uvabeck\/","name":"Advokat Staffan Uvabeck - Advokat Staffan Uvabeck","isPartOf":{"@id":"https:\/\/staffanuvabeck.se\/#website"},"datePublished":"2018-09-30T13:15:21+00:00","dateModified":"2018-10-01T09:08:31+00:00","breadcrumb":{"@id":"https:\/\/staffanuvabeck.se\/index.php\/advokat-staffan-uvabeck\/#breadcrumb"},"inLanguage":"sv-SE","potentialAction":[{"@type":"ReadAction","target":["https:\/\/staffanuvabeck.se\/index.php\/advokat-staffan-uvabeck\/"]}]},{"@type":"BreadcrumbList","@id":"https:\/\/staffanuvabeck.se\/index.php\/advokat-staffan-uvabeck\/#breadcrumb","itemListElement":[{"@type":"ListItem","position":1,"name":"Hem","item":"https:\/\/staffanuvabeck.se\/index.php\/advokat-staffan-uvabeck\/"},{"@type":"ListItem","position":2,"name":"Advokat Staffan Uvabeck"}]},{"@type":"WebSite","@id":"https:\/\/staffanuvabeck.se\/#website","url":"https:\/\/staffanuvabeck.se\/","name":"Advokat Staffan Uvabeck","description":"H\u00e4stjuridik, fastighetsm\u00e5l samt allm\u00e4n aff\u00e4rsjuridik.","potentialAction":[{"@type":"SearchAction","target":{"@type":"EntryPoint","urlTemplate":"https:\/\/staffanuvabeck.se\/?s={search_term_string}"},"query-input":"required name=search_term_string"}],"inLanguage":"sv-SE"}]}},"_links":{"self":[{"href":"https:\/\/staffanuvabeck.se\/index.php\/wp-json\/wp\/v2\/pages\/9"}],"collection":[{"href":"https:\/\/staffanuvabeck.se\/index.php\/wp-json\/wp\/v2\/pages"}],"about":[{"href":"https:\/\/staffanuvabeck.se\/index.php\/wp-json\/wp\/v2\/types\/page"}],"author":[{"embeddable":true,"href":"https:\/\/staffanuvabeck.se\/index.php\/wp-json\/wp\/v2\/users\/1"}],"replies":[{"embeddable":true,"href":"https:\/\/staffanuvabeck.se\/index.php\/wp-json\/wp\/v2\/comments?post=9"}],"version-history":[{"count":11,"href":"https:\/\/staffanuvabeck.se\/index.php\/wp-json\/wp\/v2\/pages\/9\/revisions"}],"predecessor-version":[{"id":27,"href":"https:\/\/staffanuvabeck.se\/index.php\/wp-json\/wp\/v2\/pages\/9\/revisions\/27"}],"wp:attachment":[{"href":"https:\/\/staffanuvabeck.se\/index.php\/wp-json\/wp\/v2\/media?parent=9"}],"curies":[{"name":"wp","href":"https:\/\/api.w.org\/{rel}","templated":true}]}}